{"id":57,"date":"2022-12-04T16:24:55","date_gmt":"2022-12-04T15:24:55","guid":{"rendered":"https:\/\/globetrottels.net\/?page_id=57"},"modified":"2022-12-05T16:04:56","modified_gmt":"2022-12-05T15:04:56","slug":"datenschutzerklaerung-neu","status":"publish","type":"page","link":"https:\/\/globetrottels.net\/?page_id=57","title":{"rendered":"Datenschutzerkl\u00e4rung"},"content":{"rendered":"\n<p><strong>Wer wir sind<\/strong><\/p>\n\n\n\n<p>Wir sind die Globetrottels und bloggen hier f\u00fcr unsere Familie und Freunde \u00fcber unsere Reisen. Die Adresse unserer Website ist: <a href=\"https:\/\/globetrottels.net\">https:\/\/globetrottels.net<\/a>.<\/p>\n\n\n\n<p>Verantwortlich f\u00fcr diese Webseite ist Christoph D ilg, s. Impressum<\/p>\n\n\n\n<p><strong><br>Grundlegendes<\/strong><\/p>\n\n\n\n<p>Diese WordPress-Seiten werden von GMX.de gehostet. Die zum Betrieb notwendigen Daten werden entsprechend den gesetzlichen Bestimmungen (insbesondere auch DSGVO) aufgrund des berechtigten Interesses als \u201eServer-Logfiles\u201c gespeichert.<\/p>\n\n\n\n<p>Dieses betrifft:<\/p>\n\n\n\n<p>&#8211; Besuchte Website<br>&#8211; Uhrzeit zum Zeitpunkt des Zugriffes<br>&#8211; Menge der gesendeten Daten in Byte<br>&#8211; Quelle\/Verweis, von welchem Sie auf die Seite gelangten<br>&#8211; Verwendeter Browser<br>&#8211; Verwendetes Betriebssystem<br>&#8211; Verwendete IP-Adresse<\/p>\n\n\n\n<p>Die Server-Logfiles werden f\u00fcr maximal 60 Tage gespeichert und anschlie\u00dfend gel\u00f6scht<\/p>\n\n\n\n<p>Von unseren WordPress-Seiten aus werden keine personenbezogenen Daten gespeichert, solange Ihr diese nicht in einem Kommentar eingebt (s.u.). Cookies werden nur gesetzt, wenn Ihr dieses beim Erstellen eines Kommentars ausdr\u00fccklich aktiviert.<\/p>\n\n\n\n<p><strong>Kommentare<\/strong><\/p>\n\n\n\n<p>Wenn Ihr Kommentare auf der Website schreibt, sammeln wir die Daten, die im Kommentar-Formular angezeigt werden. Gravatare sind abgeschaltet, damit keine Daten\u00fcbertragung an externe Gravatardienste erfolgt. IP-Adressen werden von uns nicht gespeichert.<\/p>\n\n\n\n<p><strong><br>Cookies<\/strong><\/p>\n\n\n\n<p>Wenn du einen Kommentar auf unserer Website schreibst, kann das eine Einwilligung sein, deinen Namen, E-Mail-Adresse und Website in Cookies zu speichern. Dies ist eine Komfortfunktion, damit du nicht, wenn du einen weiteren Kommentar schreibst, all diese Daten erneut eingeben musst. Diese Cookies werden ein Jahr lang gespeichert.<\/p>\n\n\n\n<p><strong>Eingebettete Inhalte von anderen Websites<\/strong><\/p>\n\n\n\n<p>Beitr\u00e4ge auf dieser Website k\u00f6nnen eingebettete Inhalte beinhalten (z.&nbsp;B. Videos, Bilder, Beitr\u00e4ge etc.). Eingebettete Inhalte von anderen Websites verhalten sich exakt so, als ob der Besucher die andere Website besucht h\u00e4tte.<\/p>\n\n\n\n<p>Diese Websites k\u00f6nnen Daten \u00fcber dich sammeln, Cookies benutzen, zus\u00e4tzliche Tracking-Dienste von Dritten einbetten und deine Interaktion mit diesem eingebetteten Inhalt aufzeichnen, inklusive deiner Interaktion mit dem eingebetteten Inhalt, falls du ein Konto hast und auf dieser Website angemeldet bist.<\/p>\n\n\n\n<p><strong>Mit wem wir deine Daten teilen<\/strong><\/p>\n\n\n\n<p>Wir geben keine personenbezogenen Daten weiter.<\/p>\n\n\n\n<p><strong>Wie lange wir deine Daten speichern<\/strong><\/p>\n\n\n\n<p>Wenn du einen Kommentar schreibst, wird dieser inklusive Metadaten zeitlich unbegrenzt gespeichert. Auf diese Art k\u00f6nnen wir Folgekommentare automatisch erkennen und freigeben, anstatt sie in einer Moderations-Warteschlange festzuhalten.<\/p>\n\n\n\n<p><strong>Welche Rechte du an deinen Daten hast<\/strong><\/p>\n\n\n\n<p>Wenn du Kommentare geschrieben hast, kannst du einen Export deiner personenbezogenen Daten bei uns anfordern, inklusive aller Daten, die du uns mitgeteilt hast. Dar\u00fcber hinaus kannst du die L\u00f6schung aller personenbezogenen Daten, die wir von dir gespeichert haben, anfordern. Dies umfasst nicht die Daten, die wir aufgrund administrativer, rechtlicher oder sicherheitsrelevanter Notwendigkeiten aufbewahren m\u00fcssen.<\/p>\n","protected":false},"excerpt":{"rendered":"<p>Wer wir sind Wir sind die Globetrottels und bloggen hier f\u00fcr unsere Familie und Freunde \u00fcber unsere Reisen. Die Adresse unserer Website ist: https:\/\/globetrottels.net. Verantwortlich f\u00fcr diese Webseite ist Christoph D ilg, s. Impressum Grundlegendes Diese WordPress-Seiten werden von GMX.de gehostet. Die zum Betrieb notwendigen Daten werden entsprechend den gesetzlichen Bestimmungen (insbesondere auch DSGVO) aufgrund [&hellip;]<\/p>\n","protected":false},"author":1,"featured_media":0,"parent":0,"menu_order":0,"comment_status":"closed","ping_status":"closed","template":"","meta":{"footnotes":""},"class_list":["post-57","page","type-page","status-publish","hentry","post-preview"],"_links":{"self":[{"href":"https:\/\/globetrottels.net\/index.php?rest_route=\/wp\/v2\/pages\/57","targetHints":{"allow":["GET"]}}],"collection":[{"href":"https:\/\/globetrottels.net\/index.php?rest_route=\/wp\/v2\/pages"}],"about":[{"href":"https:\/\/globetrottels.net\/index.php?rest_route=\/wp\/v2\/types\/page"}],"author":[{"embeddable":true,"href":"https:\/\/globetrottels.net\/index.php?rest_route=\/wp\/v2\/users\/1"}],"replies":[{"embeddable":true,"href":"https:\/\/globetrottels.net\/index.php?rest_route=%2Fwp%2Fv2%2Fcomments&post=57"}],"version-history":[{"count":4,"href":"https:\/\/globetrottels.net\/index.php?rest_route=\/wp\/v2\/pages\/57\/revisions"}],"predecessor-version":[{"id":64,"href":"https:\/\/globetrottels.net\/index.php?rest_route=\/wp\/v2\/pages\/57\/revisions\/64"}],"wp:attachment":[{"href":"https:\/\/globetrottels.net\/index.php?rest_route=%2Fwp%2Fv2%2Fmedia&parent=57"}],"curies":[{"name":"wp","href":"https:\/\/api.w.org\/{rel}","templated":true}]}}